{"id":118,"date":"2025-09-03T11:42:22","date_gmt":"2025-09-03T15:42:22","guid":{"rendered":"https:\/\/vuenet.net\/?page_id=118"},"modified":"2025-09-03T12:09:32","modified_gmt":"2025-09-03T16:09:32","slug":"services-doptometrie","status":"publish","type":"page","link":"https:\/\/vuenet.net\/?page_id=118","title":{"rendered":"Services d&rsquo;Optom\u00e9trie"},"content":{"rendered":"<p><strong>Examen visuel\u00a0 complet<\/strong><\/p>\n<p>R\u00e9fraction<\/p>\n<p>Pression Intra-Oculaire<\/p>\n<p>Champs de vision central<\/p>\n<p>Champs de vision p\u00e9riph\u00e9rique<\/p>\n<p>Champs de vision binoculaire (Esterman, SAAQ)<\/p>\n<p>Urgences oculaires<\/p>\n<p>Photo R\u00e9tinienne<\/p>\n<p><img loading=\"lazy\" decoding=\"async\" class=\"alignnone wp-image-119\" src=\"https:\/\/vuenet.net\/wp-content\/uploads\/2025\/09\/photo-retinienne-2.jpg\" alt=\"\" width=\"432\" height=\"287\" srcset=\"https:\/\/vuenet.net\/wp-content\/uploads\/2025\/09\/photo-retinienne-2.jpg 1000w, https:\/\/vuenet.net\/wp-content\/uploads\/2025\/09\/photo-retinienne-2-300x199.jpg 300w, https:\/\/vuenet.net\/wp-content\/uploads\/2025\/09\/photo-retinienne-2-768x510.jpg 768w\" sizes=\"auto, (max-width: 432px) 100vw, 432px\" \/> <img loading=\"lazy\" decoding=\"async\" class=\"alignnone wp-image-120\" src=\"https:\/\/vuenet.net\/wp-content\/uploads\/2025\/09\/photo-retinienne.jpg\" alt=\"\" width=\"282\" height=\"287\" srcset=\"https:\/\/vuenet.net\/wp-content\/uploads\/2025\/09\/photo-retinienne.jpg 1200w, https:\/\/vuenet.net\/wp-content\/uploads\/2025\/09\/photo-retinienne-295x300.jpg 295w, https:\/\/vuenet.net\/wp-content\/uploads\/2025\/09\/photo-retinienne-1007x1024.jpg 1007w, https:\/\/vuenet.net\/wp-content\/uploads\/2025\/09\/photo-retinienne-768x781.jpg 768w\" sizes=\"auto, (max-width: 282px) 100vw, 282px\" \/><\/p>\n<p>OCT (offert \u00e0 CDN et \u00e0 Shawinigan)<\/p>\n<p><img loading=\"lazy\" decoding=\"async\" class=\"alignnone wp-image-123\" src=\"https:\/\/vuenet.net\/wp-content\/uploads\/2025\/09\/OCT-1.png\" alt=\"\" width=\"503\" height=\"288\" srcset=\"https:\/\/vuenet.net\/wp-content\/uploads\/2025\/09\/OCT-1.png 1024w, https:\/\/vuenet.net\/wp-content\/uploads\/2025\/09\/OCT-1-300x172.png 300w, https:\/\/vuenet.net\/wp-content\/uploads\/2025\/09\/OCT-1-768x440.png 768w\" sizes=\"auto, (max-width: 503px) 100vw, 503px\" \/> <img loading=\"lazy\" decoding=\"async\" class=\"alignnone wp-image-124\" src=\"https:\/\/vuenet.net\/wp-content\/uploads\/2025\/09\/optical_coherence_tomography_equipment.jpg\" alt=\"\" width=\"310\" height=\"296\" \/><\/p>\n<p>Optomap (offert \u00e0 Shawinigan)<\/p>\n<p><img loading=\"lazy\" decoding=\"async\" class=\"alignnone size-full wp-image-128\" src=\"https:\/\/vuenet.net\/wp-content\/uploads\/2025\/09\/optomap_1-1.jpg\" alt=\"\" width=\"811\" height=\"456\" srcset=\"https:\/\/vuenet.net\/wp-content\/uploads\/2025\/09\/optomap_1-1.jpg 811w, https:\/\/vuenet.net\/wp-content\/uploads\/2025\/09\/optomap_1-1-300x169.jpg 300w, https:\/\/vuenet.net\/wp-content\/uploads\/2025\/09\/optomap_1-1-768x432.jpg 768w\" sizes=\"auto, (max-width: 811px) 100vw, 811px\" \/> <img loading=\"lazy\" decoding=\"async\" class=\"alignnone size-full wp-image-129\" src=\"https:\/\/vuenet.net\/wp-content\/uploads\/2025\/09\/optomap_2-1.jpg\" alt=\"\" width=\"811\" height=\"456\" srcset=\"https:\/\/vuenet.net\/wp-content\/uploads\/2025\/09\/optomap_2-1.jpg 811w, https:\/\/vuenet.net\/wp-content\/uploads\/2025\/09\/optomap_2-1-300x169.jpg 300w, https:\/\/vuenet.net\/wp-content\/uploads\/2025\/09\/optomap_2-1-768x432.jpg 768w\" sizes=\"auto, (max-width: 811px) 100vw, 811px\" \/><\/p>\n<p>&nbsp;<\/p>\n","protected":false},"excerpt":{"rendered":"<p>Examen visuel\u00a0 complet R\u00e9fraction Pression Intra-Oculaire Champs de vision central Champs de vision p\u00e9riph\u00e9rique Champs de vision binoculaire (Esterman, SAAQ) Urgences oculaires Photo R\u00e9tinienne OCT (offert \u00e0 CDN et \u00e0 Shawinigan) Optomap (offert \u00e0 Shawinigan) &nbsp;<\/p>\n","protected":false},"author":1,"featured_media":0,"parent":0,"menu_order":0,"comment_status":"closed","ping_status":"closed","template":"","meta":{"footnotes":""},"class_list":["post-118","page","type-page","status-publish","hentry"],"_links":{"self":[{"href":"https:\/\/vuenet.net\/index.php?rest_route=\/wp\/v2\/pages\/118","targetHints":{"allow":["GET"]}}],"collection":[{"href":"https:\/\/vuenet.net\/index.php?rest_route=\/wp\/v2\/pages"}],"about":[{"href":"https:\/\/vuenet.net\/index.php?rest_route=\/wp\/v2\/types\/page"}],"author":[{"embeddable":true,"href":"https:\/\/vuenet.net\/index.php?rest_route=\/wp\/v2\/users\/1"}],"replies":[{"embeddable":true,"href":"https:\/\/vuenet.net\/index.php?rest_route=%2Fwp%2Fv2%2Fcomments&post=118"}],"version-history":[{"count":5,"href":"https:\/\/vuenet.net\/index.php?rest_route=\/wp\/v2\/pages\/118\/revisions"}],"predecessor-version":[{"id":133,"href":"https:\/\/vuenet.net\/index.php?rest_route=\/wp\/v2\/pages\/118\/revisions\/133"}],"wp:attachment":[{"href":"https:\/\/vuenet.net\/index.php?rest_route=%2Fwp%2Fv2%2Fmedia&parent=118"}],"curies":[{"name":"wp","href":"https:\/\/api.w.org\/{rel}","templated":true}]}}