{"id":134,"date":"2025-09-03T15:34:08","date_gmt":"2025-09-03T19:34:08","guid":{"rendered":"https:\/\/vuenet.net\/?page_id=134"},"modified":"2025-09-03T15:34:08","modified_gmt":"2025-09-03T19:34:08","slug":"services-dopticiens","status":"publish","type":"page","link":"https:\/\/vuenet.net\/?page_id=134","title":{"rendered":"Services d&rsquo;Opticiens"},"content":{"rendered":"<p><span style=\"letter-spacing: 0.01em;\"><strong>Les services offerts par un opticien incluent<\/strong> :<\/span><\/p>\n<div class=\"WaaZC\">\n<div class=\"RJPOee EIJn2\">\n<div class=\"zMgcWd dSKvsb\" data-il=\"\">\n<div data-crb-p=\"\">\n<div class=\"xFTqob\">\n<div class=\"Gur8Ad\"><span data-huuid=\"7444014899766129465\"><strong>Conseils et s\u00e9lection :<\/strong><\/span><\/div>\n<div class=\"vM0jzc\"><span data-huuid=\"7444014899766130958\">Un opticien vous guide dans le choix des montures et des verres (ou lentilles) les plus adapt\u00e9s \u00e0 votre visage, \u00e0 vos besoins visuels et \u00e0 votre style.<span class=\"pjBG2e\" data-cid=\"82151db4-db08-41d0-983e-37cb5d0c69cb\"><span class=\"UV3uM\">\u00a0<\/span><\/span><\/span><\/p>\n<div class=\"NPrrbc\" data-cid=\"82151db4-db08-41d0-983e-37cb5d0c69cb\" data-uuids=\"7444014899766129465,7444014899766130958\">\n<div class=\"BMebGe btku5b fCrZyc LwdV0e FR7ZSc qVhvac OJeuxf\" tabindex=\"0\" role=\"button\" aria-label=\"View related links\" data-hveid=\"CBMQAQ\" data-ved=\"2ahUKEwi-mq3n-LyPAxU2k4kEHZraA08Q3fYKegQIExAB\">\n<div class=\"niO4u\">\n<div class=\"kHtcsd\"><\/div>\n<\/div>\n<\/div>\n<\/div>\n<\/div>\n<\/div>\n<\/div>\n<\/div>\n<div class=\"zMgcWd dSKvsb\" data-il=\"\">\n<div data-crb-p=\"\">\n<div class=\"xFTqob\">\n<div class=\"Gur8Ad\"><span data-huuid=\"7444014899766129848\"><strong>Adaptation et fabrication avec un laboratoire sur place<\/strong><\/span><\/div>\n<div class=\"vM0jzc\"><span data-huuid=\"7444014899766131341\">L&rsquo;opticien adapte les lunettes et les lentilles en fonction de l&rsquo;ordonnance de l&rsquo;optom\u00e9triste et des mesures personnalis\u00e9es du client, puis proc\u00e8de \u00e0 leur fabrication et montage.<span class=\"pjBG2e\" data-cid=\"e9c5c138-415e-4c98-b77c-9a09d8070712\"><span class=\"UV3uM\">\u00a0<\/span><\/span><\/span><\/p>\n<div class=\"NPrrbc\" data-cid=\"e9c5c138-415e-4c98-b77c-9a09d8070712\" data-uuids=\"7444014899766129848,7444014899766131341\">\n<div class=\"BMebGe btku5b fCrZyc LwdV0e FR7ZSc qVhvac OJeuxf\" tabindex=\"0\" role=\"button\" aria-label=\"View related links\" data-hveid=\"CB8QAQ\" data-ved=\"2ahUKEwi-mq3n-LyPAxU2k4kEHZraA08Q3fYKegQIHxAB\">\n<div class=\"niO4u\">\n<div class=\"kHtcsd\"><img loading=\"lazy\" decoding=\"async\" class=\"alignnone  wp-image-139\" src=\"https:\/\/vuenet.net\/wp-content\/uploads\/2025\/09\/meuleuse.jpg\" alt=\"\" width=\"330\" height=\"330\" srcset=\"https:\/\/vuenet.net\/wp-content\/uploads\/2025\/09\/meuleuse.jpg 386w, https:\/\/vuenet.net\/wp-content\/uploads\/2025\/09\/meuleuse-300x300.jpg 300w, https:\/\/vuenet.net\/wp-content\/uploads\/2025\/09\/meuleuse-150x150.jpg 150w\" sizes=\"auto, (max-width: 330px) 100vw, 330px\" \/><\/div>\n<\/div>\n<\/div>\n<\/div>\n<\/div>\n<\/div>\n<\/div>\n<\/div>\n<div class=\"zMgcWd dSKvsb\" data-il=\"\">\n<div data-crb-p=\"\">\n<div class=\"xFTqob\">\n<div class=\"Gur8Ad\"><span class=\"oXzekf\" data-huuid=\"7444014899766130231\"><strong>Mesures personnalis\u00e9es avec un syt\u00e8me HD num\u00e9rique (*Lentilles HD seulement)<\/strong><\/span><\/div>\n<div class=\"vM0jzc\"><span class=\"oXzekf\" data-huuid=\"7444014899766131724\">Des mesures pr\u00e9cises sont prises pour assurer la bonne position des verres dans la monture, comme la distance interpupillaire, la hauteur du centre optique, etc.<\/span><\/div>\n<div class=\"vM0jzc\"><span class=\"oXzekf\" data-huuid=\"7444014899766131724\"><span class=\"pjBG2e\" data-cid=\"9de60517-e78b-49a7-9358-088bfa9f5fd1\"><span class=\"UV3uM\"><img loading=\"lazy\" decoding=\"async\" class=\"alignnone  wp-image-137\" src=\"https:\/\/vuenet.net\/wp-content\/uploads\/2025\/09\/personnalisation.jpg\" alt=\"\" width=\"435\" height=\"300\" srcset=\"https:\/\/vuenet.net\/wp-content\/uploads\/2025\/09\/personnalisation.jpg 1426w, https:\/\/vuenet.net\/wp-content\/uploads\/2025\/09\/personnalisation-300x207.jpg 300w, https:\/\/vuenet.net\/wp-content\/uploads\/2025\/09\/personnalisation-1024x707.jpg 1024w, https:\/\/vuenet.net\/wp-content\/uploads\/2025\/09\/personnalisation-768x530.jpg 768w\" sizes=\"auto, (max-width: 435px) 100vw, 435px\" \/>\u00a0<\/span><\/span><\/span><\/p>\n<div class=\"NPrrbc\" data-cid=\"9de60517-e78b-49a7-9358-088bfa9f5fd1\" data-uuids=\"7444014899766130231,7444014899766131724\">\n<div class=\"BMebGe btku5b fCrZyc LwdV0e FR7ZSc qVhvac OJeuxf\" tabindex=\"0\" role=\"button\" aria-label=\"View related links\" data-hveid=\"CBYQAQ\" data-ved=\"2ahUKEwi-mq3n-LyPAxU2k4kEHZraA08Q3fYKegQIFhAB\">\n<div class=\"niO4u\">\n<div class=\"kHtcsd\"><\/div>\n<\/div>\n<\/div>\n<\/div>\n<\/div>\n<\/div>\n<\/div>\n<\/div>\n<div class=\"zMgcWd dSKvsb\" data-il=\"\">\n<div data-crb-p=\"\">\n<div class=\"xFTqob\">\n<div class=\"Gur8Ad\"><span data-huuid=\"7444014899766130614\"><strong>Service apr\u00e8s-vente :<\/strong><\/span><\/div>\n<div class=\"vM0jzc\"><span data-huuid=\"7444014899766132107\">Cela inclut les ajustements illimit\u00e9s, le nettoyage, le remplacement des plaquettes, les r\u00e9parations mineures et le suivi du confort visuel tout au long de la vie des lunettes.<span class=\"pjBG2e\" data-cid=\"75da216b-0da7-4195-9fc2-f582b3c36d48\"><span class=\"UV3uM\">\u00a0<\/span><\/span><\/span><\/p>\n<div class=\"NPrrbc\" data-cid=\"75da216b-0da7-4195-9fc2-f582b3c36d48\" data-uuids=\"7444014899766130614,7444014899766132107\">\n<div class=\"BMebGe btku5b fCrZyc LwdV0e FR7ZSc qVhvac OJeuxf\" tabindex=\"0\" role=\"button\" aria-label=\"View related links\" data-hveid=\"CB4QAQ\" data-ved=\"2ahUKEwi-mq3n-LyPAxU2k4kEHZraA08Q3fYKegQIHhAB\">\n<div class=\"niO4u\">\n<div class=\"kHtcsd\"><\/div>\n<\/div>\n<\/div>\n<\/div>\n<\/div>\n<\/div>\n<\/div>\n<\/div>\n<div class=\"zMgcWd dSKvsb\" data-il=\"\">\n<div data-crb-p=\"\">\n<div class=\"xFTqob\">\n<div class=\"Gur8Ad\"><span data-huuid=\"7444014899766130997\"><strong>D\u00e9pistage des probl\u00e8mes visuels :<\/strong><\/span><\/div>\n<div class=\"vM0jzc\"><span data-huuid=\"7444014899766132490\">Bien que l&rsquo;opticien ne soit pas un m\u00e9decin, il travaille en collaboration avec l&rsquo;optom\u00e9triste qui effectue l&rsquo;examen de la vue et d\u00e9piste les maladies oculaires, et l&rsquo;opticien conseille ensuite sur les solutions adapt\u00e9es.<span class=\"pjBG2e\" data-cid=\"f12785a5-63e6-46ec-90ef-26275d9bab51\"><span class=\"UV3uM\">\u00a0<\/span><\/span><\/span><\/p>\n<div class=\"NPrrbc\" data-cid=\"f12785a5-63e6-46ec-90ef-26275d9bab51\" data-uuids=\"7444014899766130997,7444014899766132490\">\n<div class=\"BMebGe btku5b fCrZyc LwdV0e FR7ZSc qVhvac OJeuxf\" tabindex=\"0\" role=\"button\" aria-label=\"View related links\" data-hveid=\"CCEQAQ\" data-ved=\"2ahUKEwi-mq3n-LyPAxU2k4kEHZraA08Q3fYKegQIIRAB\">\n<div class=\"niO4u\">\n<div class=\"kHtcsd\"><\/div>\n<\/div>\n<\/div>\n<\/div>\n<\/div>\n<\/div>\n<\/div>\n<\/div>\n<\/div>\n<\/div>\n<div class=\"WaaZC\">\n<div class=\"RJPOee EIJn2\">\n<div class=\"rPeykc uP58nb\" data-hveid=\"CCsQAQ\" data-ved=\"2ahUKEwi-mq3n-LyPAxU2k4kEHZraA08Qo_EKegQIKxAB\"><span data-huuid=\"17266453370213871416\"><span role=\"heading\" aria-level=\"2\">Le r\u00f4le de l&rsquo;opticien par rapport \u00e0 l&rsquo;optom\u00e9triste :<\/span><\/span><\/div>\n<\/div>\n<\/div>\n<div class=\"WaaZC\">\n<div class=\"RJPOee EIJn2\">\n<div class=\"zMgcWd dSKvsb\" data-il=\"\">\n<div data-crb-p=\"\">\n<div class=\"xFTqob\">\n<div><\/div>\n<div class=\"Gur8Ad\"><span data-huuid=\"17266453370213868467\"><strong>L&rsquo;optom\u00e9triste<\/strong><\/span><\/div>\n<div class=\"vM0jzc\"><span data-huuid=\"17266453370213871580\">est un professionnel de la sant\u00e9 qui r\u00e9alise l&rsquo;examen de la vue, d\u00e9piste les anomalies et les maladies oculaires, et prescrit la correction visuelle n\u00e9cessaire.<span class=\"pjBG2e\" data-cid=\"3c49e3b5-98d0-42c8-87eb-a39f745ad6fd\"><span class=\"UV3uM\">\u00a0<\/span><\/span><\/span><\/p>\n<div class=\"NPrrbc\" data-cid=\"3c49e3b5-98d0-42c8-87eb-a39f745ad6fd\" data-uuids=\"17266453370213868467,17266453370213871580\">\n<div class=\"BMebGe btku5b fCrZyc LwdV0e FR7ZSc qVhvac OJeuxf\" tabindex=\"0\" role=\"button\" aria-label=\"View related links\" data-hveid=\"CDIQAQ\" data-ved=\"2ahUKEwi-mq3n-LyPAxU2k4kEHZraA08Q3fYKegQIMhAB\">\n<div class=\"niO4u\">\n<div class=\"kHtcsd\"><\/div>\n<\/div>\n<\/div>\n<\/div>\n<\/div>\n<\/div>\n<\/div>\n<\/div>\n<div class=\"zMgcWd dSKvsb\" data-il=\"\">\n<div data-crb-p=\"\">\n<div class=\"xFTqob\">\n<div class=\"Gur8Ad\"><span data-huuid=\"17266453370213869614\"><strong>L&rsquo;opticien<\/strong><\/span><\/div>\n<div class=\"vM0jzc\"><span data-huuid=\"17266453370213868631\">est le sp\u00e9cialiste de l&rsquo;appareillage visuel.\u00a0<\/span><span data-huuid=\"17266453370213867648\">Il re\u00e7oit l&rsquo;ordonnance de l&rsquo;optom\u00e9triste pour concevoir, fabriquer, ajuster et vendre les lunettes et lentilles corn\u00e9ennes.<span class=\"pjBG2e\" data-cid=\"4b1067e3-61d4-43ef-b6ec-f883dfd1f847\"><span class=\"UV3uM\">\u00a0<\/span><\/span><\/span><\/div>\n<\/div>\n<\/div>\n<\/div>\n<\/div>\n<\/div>\n","protected":false},"excerpt":{"rendered":"<p>Les services offerts par un opticien incluent : Conseils et s\u00e9lection : Un opticien vous guide dans le choix des montures et des verres (ou lentilles) les plus adapt\u00e9s \u00e0 votre visage, \u00e0 vos besoins visuels et \u00e0 votre style.\u00a0 Adaptation et fabrication avec un laboratoire sur place L&rsquo;opticien adapte les lunettes et les lentilles [&hellip;]<\/p>\n","protected":false},"author":1,"featured_media":0,"parent":0,"menu_order":0,"comment_status":"closed","ping_status":"closed","template":"","meta":{"footnotes":""},"class_list":["post-134","page","type-page","status-publish","hentry"],"_links":{"self":[{"href":"https:\/\/vuenet.net\/index.php?rest_route=\/wp\/v2\/pages\/134","targetHints":{"allow":["GET"]}}],"collection":[{"href":"https:\/\/vuenet.net\/index.php?rest_route=\/wp\/v2\/pages"}],"about":[{"href":"https:\/\/vuenet.net\/index.php?rest_route=\/wp\/v2\/types\/page"}],"author":[{"embeddable":true,"href":"https:\/\/vuenet.net\/index.php?rest_route=\/wp\/v2\/users\/1"}],"replies":[{"embeddable":true,"href":"https:\/\/vuenet.net\/index.php?rest_route=%2Fwp%2Fv2%2Fcomments&post=134"}],"version-history":[{"count":5,"href":"https:\/\/vuenet.net\/index.php?rest_route=\/wp\/v2\/pages\/134\/revisions"}],"predecessor-version":[{"id":141,"href":"https:\/\/vuenet.net\/index.php?rest_route=\/wp\/v2\/pages\/134\/revisions\/141"}],"wp:attachment":[{"href":"https:\/\/vuenet.net\/index.php?rest_route=%2Fwp%2Fv2%2Fmedia&parent=134"}],"curies":[{"name":"wp","href":"https:\/\/api.w.org\/{rel}","templated":true}]}}