{"id":32,"date":"2025-07-17T21:57:37","date_gmt":"2025-07-17T21:57:37","guid":{"rendered":"https:\/\/vuenet.net\/?page_id=32"},"modified":"2025-08-27T03:09:14","modified_gmt":"2025-08-27T07:09:14","slug":"accueil","status":"publish","type":"page","link":"https:\/\/vuenet.net\/","title":{"rendered":"Accueil"},"content":{"rendered":"<p>Vuenet Opticiens &amp; Optom\u00e9tristes est une entreprise qu\u00e9b\u00e9coise qui a pris naissance en 2018 avec une \u00e9quipe d&rsquo;opticiens et d&rsquo;optom\u00e9tristes qui ont plus de 50 ans d&rsquo;exp\u00e9rience dans le monde de l&rsquo;optique. Notre devise est de vous offrir un bon service \u00e0 la client\u00e8le \u00e0 un prix raisonnable tout en ayant des appareils \u00e0 la fine pointe de la technologie. Tous nos succursales sont \u00e9quip\u00e9s d&rsquo;un laboratoire de finition (Taillage\/Montage). Sans compter d&rsquo;une salle d&rsquo;examens compl\u00e8te avec un champs de vision automatis\u00e9, Tonom\u00e8tre \u00e0 jet d&rsquo;air, une cam\u00e9ra r\u00e9tinienne et un OCT (Tomographie).<\/p>\n","protected":false},"excerpt":{"rendered":"<p>Vuenet Opticiens &amp; Optom\u00e9tristes est une entreprise qu\u00e9b\u00e9coise qui a pris naissance en 2018 avec une \u00e9quipe d&rsquo;opticiens et d&rsquo;optom\u00e9tristes qui ont plus de 50 ans d&rsquo;exp\u00e9rience dans le monde de l&rsquo;optique. Notre devise est de vous offrir un bon service \u00e0 la client\u00e8le \u00e0 un prix raisonnable tout en ayant des appareils \u00e0 la [&hellip;]<\/p>\n","protected":false},"author":1,"featured_media":0,"parent":0,"menu_order":0,"comment_status":"closed","ping_status":"closed","template":"","meta":{"footnotes":""},"class_list":["post-32","page","type-page","status-publish","hentry"],"_links":{"self":[{"href":"https:\/\/vuenet.net\/index.php?rest_route=\/wp\/v2\/pages\/32","targetHints":{"allow":["GET"]}}],"collection":[{"href":"https:\/\/vuenet.net\/index.php?rest_route=\/wp\/v2\/pages"}],"about":[{"href":"https:\/\/vuenet.net\/index.php?rest_route=\/wp\/v2\/types\/page"}],"author":[{"embeddable":true,"href":"https:\/\/vuenet.net\/index.php?rest_route=\/wp\/v2\/users\/1"}],"replies":[{"embeddable":true,"href":"https:\/\/vuenet.net\/index.php?rest_route=%2Fwp%2Fv2%2Fcomments&post=32"}],"version-history":[{"count":2,"href":"https:\/\/vuenet.net\/index.php?rest_route=\/wp\/v2\/pages\/32\/revisions"}],"predecessor-version":[{"id":82,"href":"https:\/\/vuenet.net\/index.php?rest_route=\/wp\/v2\/pages\/32\/revisions\/82"}],"wp:attachment":[{"href":"https:\/\/vuenet.net\/index.php?rest_route=%2Fwp%2Fv2%2Fmedia&parent=32"}],"curies":[{"name":"wp","href":"https:\/\/api.w.org\/{rel}","templated":true}]}}